{"id":147,"date":"2018-08-29T11:56:14","date_gmt":"2018-08-29T11:56:14","guid":{"rendered":"https:\/\/cdn.jevelin.shufflehound.com\/coming-soon-sbs-wpbakery\/?page_id=147"},"modified":"2024-12-09T12:14:35","modified_gmt":"2024-12-09T12:14:35","slug":"home-coming-soon-side-by-side","status":"publish","type":"page","link":"http:\/\/palenigida.com\/","title":{"rendered":"PALEN\u0130 GIDA SEMT PAZARI \u00dcMRAN\u0130YE"},"content":{"rendered":"<p>[vc_row full_width=&#8221;stretch_row_content_no_spaces&#8221; full_height=&#8221;yes&#8221; equal_height=&#8221;yes&#8221; content_placement=&#8221;middle&#8221; overflow=&#8221;default&#8221;][vc_column width=&#8221;1\/2&#8243; overflow=&#8221;default&#8221; css=&#8221;.vc_custom_1633275527354{background-image: url(http:\/\/palenigida.com\/wp-content\/uploads\/2021\/10\/web_paleni_gida.png?id=196) !important;background-position: center !important;background-repeat: no-repeat !important;background-size: cover !important;}&#8221; padding_tablet=&#8221;80px 0px 70px 0px&#8221; el_class=&#8221;vc_column_full_height&#8221;][\/vc_column][vc_column width=&#8221;1\/2&#8243; mobile_element_alignment=&#8221;center&#8221; overflow=&#8221;default&#8221; max_width=&#8221;630px&#8221; padding_tablet=&#8221;0px 30px 0px 30px&#8221; css=&#8221;.vc_custom_1633275082419{padding-right: 20px !important;padding-left: 20px !important;}&#8221;]\r\n                            <style media=\"screen\">\r\n                    @media (max-width: 1025px) {\r\n                        .sh-empty-space-RNY1rKhFPz {\r\n                            height: 40px!important;\r\n                        }\r\n                    }\r\n                <\/style>\r\n            \r\n            <div class=\"sh-empty-space vc_empty_space sh-empty-space-RNY1rKhFPz  \" style=\"height: 40px\">\r\n                <span class=\"vc_empty_space_inner\"><\/span>\r\n            <\/div>\r\n\r\n        [vc_single_image image=&#8221;192&#8243; img_size=&#8221;full&#8221; alignment=&#8221;center&#8221; css=&#8221;.vc_custom_1633269246818{margin-bottom: 0px !important;}&#8221;]\r\n                            <style media=\"screen\">\r\n                    @media (max-width: 1025px) {\r\n                        .sh-empty-space-1wYMFj0GJI {\r\n                            height: 40px!important;\r\n                        }\r\n                    }\r\n                <\/style>\r\n            \r\n            <div class=\"sh-empty-space vc_empty_space sh-empty-space-1wYMFj0GJI  \" style=\"height: 45px\">\r\n                <span class=\"vc_empty_space_inner\"><\/span>\r\n            <\/div>\r\n\r\n        [vc_single_image image=&#8221;199&#8243; img_size=&#8221;460&#215;285&#8243; alignment=&#8221;center&#8221; css=&#8221;.vc_custom_1633275885889{margin-bottom: 0px !important;}&#8221;]\r\n            \r\n            <div class=\"sh-empty-space vc_empty_space sh-empty-space-q20MY1KE8N  \" style=\"height: 15px\">\r\n                <span class=\"vc_empty_space_inner\"><\/span>\r\n            <\/div>\r\n\r\n        \r\n<div class=\"sh-heading  \" id=\"heading-8EPTgQsUxm\">\r\n\t<div class=\"sh-element-margin\">\r\n\r\n\t\t\r\n\t\t\t<h1 class=\"sh-heading-content size-xxl text-center\">\r\n\t\t\t\t\u00c7ok Yak\u0131nda Buraday\u0131z...\t\t\t<\/h1>\r\n\r\n\t\t\r\n\t<\/div>\r\n<\/div>\r\n            <style type=\"text\/css\">\r\n                #heading-8EPTgQsUxm .sh-element-margin {}#heading-8EPTgQsUxm .sh-heading-content {font-weight: 900!important;}#heading-8EPTgQsUxm .sh-heading-content,#heading-8EPTgQsUxm .sh-heading-additional-text {}            <\/style>\r\n        \r\n            \r\n            <div class=\"sh-empty-space vc_empty_space sh-empty-space-0mjdNBZzPx  \" style=\"height: 20px\">\r\n                <span class=\"vc_empty_space_inner\"><\/span>\r\n            <\/div>\r\n\r\n        \r\n<div id=\"text-block-hbSJlyfd72\" class=\"sh-text-block\">\r\n\t<\/p>\n<p style=\"text-align: center;\"><span style=\"font-size: 18px; color: #a3a3a3;\">\u0130lk ma\u011fazam\u0131z ile Kartal Atalar Mahallesin&#8217;de siz de\u011ferli m\u00fc\u015fterilerimize hizmet etmeye haz\u0131r\u0131z. Gel &amp; Al yada Whatsaapp Sipari\u015f hatt\u0131m\u0131z ile organik g\u0131da ve sebze meyve \u00e7e\u015fitlerimizle do\u011fal lezzetlere ula\u015fabilirsiniz.<\/span><\/p>\n<p><\/div>\r\n            <style type=\"text\/css\">\r\n                #text-block-hbSJlyfd72 {margin: 20px 0px 15px 0px;}#text-block-hbSJlyfd72 a:hover,#text-block-hbSJlyfd72 a:focus {color: #10a0c0;}#text-block-hbSJlyfd72 .drop-cap {font-weight: bold;font-size: 50px;display: block;float: left;margin: 8px 10px 0 0;}            <\/style>\r\n        \r\n            \r\n            <div class=\"sh-empty-space vc_empty_space sh-empty-space-7MkcuT9wE0   vc_custom_1633274213045\" style=\"height: 20px\">\r\n                <span class=\"vc_empty_space_inner\"><\/span>\r\n            <\/div>\r\n\r\n        \r\n<div class=\"sh-iconbox sh-iconbox-style5 sh-iconbox-left\" id=\"iconbox-jlg8oZBwpP\">\r\n\t\r\n\t\t\t\t\t<div class=\"sh-iconbox-icon\">\r\n\t\t\t\t<div class=\"sh-iconbox-icon-shape sh-iconbox-square\">\r\n\t\t\t\t\t<i class=\"sh-iconbox-hover fa fa-whatsapp\"><\/i>\r\n\r\n\t\t\t\t\t\t\t\t\t<\/div>\r\n\t\t\t<\/div>\r\n\t\t\r\n\t\t<div class=\"sh-iconbox-aside\">\r\n\t\t\t<div class=\"sh-iconbox-title\">\r\n\t\t\t\t\t\t\t\t\t<h3>Whatsaapp Sipari\u015f Hatt\u0131m\u0131z<\/h3>\r\n\t\t\t\t\t\t\t<\/div>\r\n\t\t\t<div class=\"sh-iconbox-seperator\"><\/div>\r\n\t\t\t<div class=\"sh-iconbox-content\">\r\n\t\t\t\t<\/p>\n<h3><strong>0 (553) 956 75 75<\/strong><\/h3>\n<p>\t\t\t<\/div>\r\n\t\t<\/div>\r\n\r\n\t<\/div>\r\n            <style type=\"text\/css\">\r\n                #iconbox-jlg8oZBwpP .sh-iconbox-title h3 {font-size: 16px;}#iconbox-jlg8oZBwpP .sh-iconbox-hover {color: #59d600;}#iconbox-jlg8oZBwpP.sh-iconbox-style6 .sh-iconbox-hover {text-shadow: -3px 2px rgba(89,214,0,0.3);}            <\/style>\r\n        \r\n                            <style media=\"screen\">\r\n                    @media (max-width: 1025px) {\r\n                        .sh-empty-space-vBZwCVMXab {\r\n                            height: 40px!important;\r\n                        }\r\n                    }\r\n                <\/style>\r\n            \r\n            <div class=\"sh-empty-space vc_empty_space sh-empty-space-vBZwCVMXab  \" style=\"height: 30px\">\r\n                <span class=\"vc_empty_space_inner\"><\/span>\r\n            <\/div>\r\n\r\n        [vc_row_inner][vc_column_inner width=&#8221;1\/2&#8243;][vc_wp_text]<iframe style=\"border: 0;\" src=\"https:\/\/www.google.com\/maps\/embed?pb=!1m18!1m12!1m3!1d771.8421024784748!2d29.17417566455603!3d40.90985574526784!2m3!1f0!2f0!3f0!3m2!1i1024!2i768!4f13.1!3m3!1m2!1s0x14cac9060380d5b1%3A0xa04a28a52eea3167!2sPaleni%20g%C4%B1da!5e0!3m2!1str!2str!4v1733746350087!5m2!1str!2str\" width=\"600\" height=\"500\" allowfullscreen=\"allowfullscreen\"><\/iframe>[\/vc_wp_text][\/vc_column_inner][vc_column_inner width=&#8221;1\/2&#8243; overflow=&#8221;default&#8221; css=&#8221;.vc_custom_1633275367356{margin-left: 30px !important;}&#8221;]\r\n<div class=\"sh-iconbox sh-iconbox-style12 sh-iconbox-left sh-iconbox-box-alignment-left\" id=\"iconbox-XyOhU71MBw\">\r\n\t\r\n\t\t\t\t\t<div class=\"sh-iconbox-icon\">\r\n\t\t\t\t<div class=\"sh-iconbox-icon-shape sh-iconbox-circle\">\r\n\t\t\t\t\t<i class=\"sh-iconbox-hover pe-7s-map-marker\"><\/i>\r\n\r\n\t\t\t\t\t\t\t\t\t<\/div>\r\n\t\t\t<\/div>\r\n\t\t\r\n\t\t<div class=\"sh-iconbox-aside\">\r\n\t\t\t<div class=\"sh-iconbox-title\">\r\n\t\t\t\t\t\t\t\t\t<h3>Adres<\/h3>\r\n\t\t\t\t\t\t\t<\/div>\r\n\t\t\t<div class=\"sh-iconbox-seperator\"><\/div>\r\n\t\t\t<div class=\"sh-iconbox-content\">\r\n\t\t\t\tAtalar Mahallesi K\u00f6ro\u011flu Caddesi Esen Sokak No:2 Kartal\/\u0130stanbul\t\t\t<\/div>\r\n\t\t<\/div>\r\n\r\n\t<\/div>\r\n            <style type=\"text\/css\">\r\n                #iconbox-XyOhU71MBw .sh-iconbox-title h3 {font-size: 16px;font-weight: normal!important;}            <\/style>\r\n        \r\n<div class=\"sh-iconbox sh-iconbox-style12 sh-iconbox-left sh-iconbox-box-alignment-left\" id=\"iconbox-GOzelTjyLv\">\r\n\t\r\n\t\t\t\t\t<div class=\"sh-iconbox-icon\">\r\n\t\t\t\t<div class=\"sh-iconbox-icon-shape sh-iconbox-circle\">\r\n\t\t\t\t\t<i class=\"sh-iconbox-hover icon-phone\"><\/i>\r\n\r\n\t\t\t\t\t\t\t\t\t<\/div>\r\n\t\t\t<\/div>\r\n\t\t\r\n\t\t<div class=\"sh-iconbox-aside\">\r\n\t\t\t<div class=\"sh-iconbox-title\">\r\n\t\t\t\t\t\t\t\t\t<h3>Telefon<\/h3>\r\n\t\t\t\t\t\t\t<\/div>\r\n\t\t\t<div class=\"sh-iconbox-seperator\"><\/div>\r\n\t\t\t<div class=\"sh-iconbox-content\">\r\n\t\t\t\t0216 533 75 05\t\t\t<\/div>\r\n\t\t<\/div>\r\n\r\n\t<\/div>\r\n            <style type=\"text\/css\">\r\n                #iconbox-GOzelTjyLv .sh-iconbox-title h3 {font-size: 16px;font-weight: normal!important;}            <\/style>\r\n        \r\n<div class=\"sh-iconbox sh-iconbox-style12 sh-iconbox-left sh-iconbox-box-alignment-left\" id=\"iconbox-Rm6CkJFdop\">\r\n\t\r\n\t\t\t\t\t<div class=\"sh-iconbox-icon\">\r\n\t\t\t\t<div class=\"sh-iconbox-icon-shape sh-iconbox-circle\">\r\n\t\t\t\t\t<i class=\"sh-iconbox-hover pe-7s-mail\"><\/i>\r\n\r\n\t\t\t\t\t\t\t\t\t<\/div>\r\n\t\t\t<\/div>\r\n\t\t\r\n\t\t<div class=\"sh-iconbox-aside\">\r\n\t\t\t<div class=\"sh-iconbox-title\">\r\n\t\t\t\t\t\t\t\t\t<h3>Mail<\/h3>\r\n\t\t\t\t\t\t\t<\/div>\r\n\t\t\t<div class=\"sh-iconbox-seperator\"><\/div>\r\n\t\t\t<div class=\"sh-iconbox-content\">\r\n\t\t\t\tinfo@palenigida.com\t\t\t<\/div>\r\n\t\t<\/div>\r\n\r\n\t<\/div>\r\n            <style type=\"text\/css\">\r\n                #iconbox-Rm6CkJFdop .sh-iconbox-title h3 {font-size: 16px;font-weight: normal!important;}            <\/style>\r\n        [\/vc_column_inner][\/vc_row_inner]\r\n            \r\n            <div class=\"sh-empty-space vc_empty_space sh-empty-space-ui9MT0rjLk  \" style=\"height: 20px\">\r\n                <span class=\"vc_empty_space_inner\"><\/span>\r\n            <\/div>\r\n\r\n        [\/vc_column][\/vc_row]<\/p>\n","protected":false},"excerpt":{"rendered":"<p>[vc_row full_width=&#8221;stretch_row_content_no_spaces&#8221; full_height=&#8221;yes&#8221; equal_height=&#8221;yes&#8221; content_placement=&#8221;middle&#8221; overflow=&#8221;default&#8221;][vc_column width=&#8221;1\/2&#8243; overflow=&#8221;default&#8221; css=&#8221;.vc_custom_1633275527354{background-image: url(http:\/\/palenigida.com\/wp-content\/uploads\/2021\/10\/web_paleni_gida.png?id=196) !important;background-position: center !important;background-repeat: no-repeat !important;background-size: cover !important;}&#8221; padding_tablet=&#8221;80px 0px 70px 0px&#8221; el_class=&#8221;vc_column_full_height&#8221;][\/vc_column][vc_column width=&#8221;1\/2&#8243; mobile_element_alignment=&#8221;center&#8221; overflow=&#8221;default&#8221; max_width=&#8221;630px&#8221; padding_tablet=&#8221;0px 30px 0px 30px&#8221; css=&#8221;.vc_custom_1633275082419{padding-right: 20px !important;padding-left: 20px !important;}&#8221;][vc_single_image image=&#8221;192&#8243; img_size=&#8221;full&#8221; alignment=&#8221;center&#8221; css=&#8221;.vc_custom_1633269246818{margin-bottom: 0px !important;}&#8221;][vc_single_image image=&#8221;199&#8243; img_size=&#8221;460&#215;285&#8243; alignment=&#8221;center&#8221; css=&#8221;.vc_custom_1633275885889{margin-bottom:&#8230;<\/p>\n","protected":false},"author":1,"featured_media":0,"parent":0,"menu_order":0,"comment_status":"closed","ping_status":"closed","template":"","meta":{"_monsterinsights_skip_tracking":false,"_monsterinsights_sitenote_active":false,"_monsterinsights_sitenote_note":"","_monsterinsights_sitenote_category":0,"footnotes":""},"class_list":["post-147","page","type-page","status-publish","hentry"],"aioseo_notices":[],"amp_enabled":false,"_links":{"self":[{"href":"http:\/\/palenigida.com\/index.php\/wp-json\/wp\/v2\/pages\/147","targetHints":{"allow":["GET"]}}],"collection":[{"href":"http:\/\/palenigida.com\/index.php\/wp-json\/wp\/v2\/pages"}],"about":[{"href":"http:\/\/palenigida.com\/index.php\/wp-json\/wp\/v2\/types\/page"}],"author":[{"embeddable":true,"href":"http:\/\/palenigida.com\/index.php\/wp-json\/wp\/v2\/users\/1"}],"replies":[{"embeddable":true,"href":"http:\/\/palenigida.com\/index.php\/wp-json\/wp\/v2\/comments?post=147"}],"version-history":[{"count":13,"href":"http:\/\/palenigida.com\/index.php\/wp-json\/wp\/v2\/pages\/147\/revisions"}],"predecessor-version":[{"id":221,"href":"http:\/\/palenigida.com\/index.php\/wp-json\/wp\/v2\/pages\/147\/revisions\/221"}],"wp:attachment":[{"href":"http:\/\/palenigida.com\/index.php\/wp-json\/wp\/v2\/media?parent=147"}],"curies":[{"name":"wp","href":"https:\/\/api.w.org\/{rel}","templated":true}]}}